{"id":2019,"date":"2020-06-10T10:46:59","date_gmt":"2020-06-10T08:46:59","guid":{"rendered":"https:\/\/lieblingundschatz.de\/contact\/imprint\/"},"modified":"2024-03-11T15:10:00","modified_gmt":"2024-03-11T14:10:00","slug":"imprint","status":"publish","type":"page","link":"https:\/\/lieblingundschatz.de\/en\/contact\/imprint\/","title":{"rendered":"Imprint"},"content":{"rendered":"\t\t<div data-elementor-type=\"wp-page\" data-elementor-id=\"2019\" class=\"elementor elementor-2019 elementor-396\" data-elementor-post-type=\"page\">\n\t\t\t\t\t\t<section class=\"elementor-section elementor-top-section elementor-element elementor-element-a20a7f2 elementor-section-boxed elementor-section-height-default elementor-section-height-default\" data-id=\"a20a7f2\" data-element_type=\"section\" data-e-type=\"section\">\n\t\t\t\t\t\t<div class=\"elementor-container elementor-column-gap-default\">\n\t\t\t\t\t<div class=\"elementor-column elementor-col-100 elementor-top-column elementor-element elementor-element-95971a6\" data-id=\"95971a6\" data-element_type=\"column\" data-e-type=\"column\">\n\t\t\t<div class=\"elementor-widget-wrap elementor-element-populated\">\n\t\t\t\t\t\t<div class=\"elementor-element elementor-element-3788f58 elementor-widget elementor-widget-heading\" data-id=\"3788f58\" data-element_type=\"widget\" data-e-type=\"widget\" data-widget_type=\"heading.default\">\n\t\t\t\t<div class=\"elementor-widget-container\">\n\t\t\t\t\t<h1 class=\"elementor-heading-title elementor-size-default\">Imprint\n<\/h1>\t\t\t\t<\/div>\n\t\t\t\t<\/div>\n\t\t\t\t\t<\/div>\n\t\t<\/div>\n\t\t\t\t\t<\/div>\n\t\t<\/section>\n\t\t\t\t<section class=\"elementor-section elementor-top-section elementor-element elementor-element-69ab63e elementor-section-boxed elementor-section-height-default elementor-section-height-default\" data-id=\"69ab63e\" data-element_type=\"section\" data-e-type=\"section\">\n\t\t\t\t\t\t<div class=\"elementor-container elementor-column-gap-default\">\n\t\t\t\t\t<div class=\"elementor-column elementor-col-100 elementor-top-column elementor-element elementor-element-9b2fca1\" data-id=\"9b2fca1\" data-element_type=\"column\" data-e-type=\"column\">\n\t\t\t<div class=\"elementor-widget-wrap elementor-element-populated\">\n\t\t\t\t\t\t<div class=\"elementor-element elementor-element-342ab58 elementor-widget elementor-widget-text-editor\" data-id=\"342ab58\" data-element_type=\"widget\" data-e-type=\"widget\" data-widget_type=\"text-editor.default\">\n\t\t\t\t<div class=\"elementor-widget-container\">\n\t\t\t\t\t\t\t\t\t<h2>Information according to \u00a7 5 TMG<\/h2>\n<p>Birgitt H\u00f6lzel and Stefan Ruzas<\/p>\n<p>Practice Lehel<br \/>Steinsdorfstra\u00dfe 4<br \/>80538 Munich (Lehel)<br \/>Germany<\/p>\n<h3>Represented by<\/h3>\n<p>Birgitt H\u00f6lzel, naturopath, limited to psychotherapy<br \/>Stefan Ruzas<\/p>\n<h3>Contact<\/h3>\n<p>Phone: +49 (0) 89 44 25 02 19<br \/>E-Mail: praxis[at]lieblingundschatz.de<\/p>\n<h3>Responsible for the content according to \u00a7 55 Abs. 2 RStV<\/h3>\n<p>Birgitt H\u00f6lzel Stefan Ruzas GBR<br \/>Ahornstra\u00dfe 18<br \/>85774 Unterf\u00f6hring<\/p>\n<h3>Design &amp; Development<\/h3>\n<p><a href=\"https:\/\/koredesign.de\/\" target=\"_blank\" rel=\"noopener\">Koredesign<\/a><\/p>\n<h3>Image rights \/ photo credit<\/h3>\n<p>auen60photography<\/p>\n<h3>Disclaimer<\/h3>\n<h4>Liability for content<\/h4>\n<p>As a service provider, we are obliged to comply with \u00a7 7 para. 1 TMG is responsible for its own content on these pages in accordance with general laws. However, according to \u00a7\u00a7 8 to 10 TMG, we as a service provider are not obliged to monitor transmitted or stored third-party information or to investigate circumstances that indicate illegal activity. Obligations to remove or block the use of information in accordance with general laws remain unaffected. However, liability in this regard is only possible from the time of knowledge of a specific infringement. If we become aware of such violations, we will remove this content immediately.<\/p>\n<h4>Liability for links<\/h4>\n<p>Our website contains links to external third-party websites, the content of which we have no influence on. Therefore, we cannot assume any liability for these third-party contents. The respective provider or operator of the pages is always responsible for the content of the linked pages. The linked pages were checked for possible legal violations at the time of linking. Illegal content was not recognizable at the time of linking. However, a permanent control of the content of the linked pages is not reasonable without concrete indications of a violation of the law. If we become aware of any legal violations, we will remove such links immediately.<\/p>\n<h4>Copyright<\/h4>\n<p>The content and works created by the site operators on these pages are subject to German copyright law. The reproduction, editing, distribution and any kind of exploitation outside the limits of copyright law require the written consent of the respective author or creator. Downloads and copies of this site are permitted for private, non-commercial use only. Insofar as the content on this page has not been created by the operator, the copyrights of third parties are observed. In particular, third-party content will be marked as such. Should you nevertheless become aware of a copyright infringement, please inform us accordingly. If we become aware of any legal violations, we will remove such content immediately.<\/p>\n\t\t\t\t\t\t\t\t<\/div>\n\t\t\t\t<\/div>\n\t\t\t\t\t<\/div>\n\t\t<\/div>\n\t\t\t\t\t<\/div>\n\t\t<\/section>\n\t\t\t\t<\/div>\n\t\t","protected":false},"excerpt":{"rendered":"<p>Imprint Information according to \u00a7 5 TMG Birgitt H\u00f6lzel and Stefan Ruzas Practice LehelSteinsdorfstra\u00dfe 480538 Munich (Lehel)Germany Represented by Birgitt H\u00f6lzel, naturopath, limited to psychotherapyStefan Ruzas Contact Phone: +49 (0) 89 44 25 02 19E-Mail: praxis[at]lieblingundschatz.de Responsible for the content according to \u00a7 55 Abs. 2 RStV Birgitt H\u00f6lzel Stefan Ruzas GBRAhornstra\u00dfe 1885774 Unterf\u00f6hring Design [&hellip;]<\/p>\n","protected":false},"author":4,"featured_media":0,"parent":2017,"menu_order":0,"comment_status":"closed","ping_status":"closed","template":"","meta":{"_monsterinsights_skip_tracking":false,"_monsterinsights_sitenote_active":false,"_monsterinsights_sitenote_note":"","_monsterinsights_sitenote_category":0,"site-sidebar-layout":"no-sidebar","site-content-layout":"page-builder","ast-site-content-layout":"default","site-content-style":"default","site-sidebar-style":"default","ast-global-header-display":"","ast-banner-title-visibility":"","ast-main-header-display":"","ast-hfb-above-header-display":"","ast-hfb-below-header-display":"","ast-hfb-mobile-header-display":"","site-post-title":"disabled","ast-breadcrumbs-content":"","ast-featured-img":"disabled","footer-sml-layout":"","ast-disable-related-posts":"","theme-transparent-header-meta":"default","adv-header-id-meta":"","stick-header-meta":"","header-above-stick-meta":"","header-main-stick-meta":"","header-below-stick-meta":"","astra-migrate-meta-layouts":"default","ast-page-background-enabled":"default","ast-page-background-meta":{"desktop":{"background-color":"","background-image":"","background-repeat":"repeat","background-position":"center center","background-size":"auto","background-attachment":"scroll","background-type":"","background-media":"","overlay-type":"","overlay-color":"","overlay-opacity":"","overlay-gradient":""},"tablet":{"background-color":"","background-image":"","background-repeat":"repeat","background-position":"center center","background-size":"auto","background-attachment":"scroll","background-type":"","background-media":"","overlay-type":"","overlay-color":"","overlay-opacity":"","overlay-gradient":""},"mobile":{"background-color":"","background-image":"","background-repeat":"repeat","background-position":"center center","background-size":"auto","background-attachment":"scroll","background-type":"","background-media":"","overlay-type":"","overlay-color":"","overlay-opacity":"","overlay-gradient":""}},"ast-content-background-meta":{"desktop":{"background-color":"var(--ast-global-color-5)","background-image":"","background-repeat":"repeat","background-position":"center center","background-size":"auto","background-attachment":"scroll","background-type":"","background-media":"","overlay-type":"","overlay-color":"","overlay-opacity":"","overlay-gradient":""},"tablet":{"background-color":"var(--ast-global-color-5)","background-image":"","background-repeat":"repeat","background-position":"center center","background-size":"auto","background-attachment":"scroll","background-type":"","background-media":"","overlay-type":"","overlay-color":"","overlay-opacity":"","overlay-gradient":""},"mobile":{"background-color":"var(--ast-global-color-5)","background-image":"","background-repeat":"repeat","background-position":"center center","background-size":"auto","background-attachment":"scroll","background-type":"","background-media":"","overlay-type":"","overlay-color":"","overlay-opacity":"","overlay-gradient":""}},"footnotes":""},"class_list":["post-2019","page","type-page","status-publish","hentry"],"yoast_head":"<!-- This site is optimized with the Yoast SEO plugin v27.3 - https:\/\/yoast.com\/product\/yoast-seo-wordpress\/ -->\n<title>Imprint &#8212; Liebling + Schatz<\/title>\n<meta name=\"description\" content=\"Systemische Paarberatung und Ehetherapie in M\u00fcnchen: Wir, Birgitt H\u00f6lzel und Stefan Ruzas, helfen Ihnen bei Krisen, Konflikten und Pr\u00e4vention - von Paar zu Paar. Tel.: 089-44250219\" \/>\n<meta name=\"robots\" content=\"index, follow, max-snippet:-1, max-image-preview:large, max-video-preview:-1\" \/>\n<link rel=\"canonical\" href=\"https:\/\/lieblingundschatz.de\/en\/contact\/imprint\/\" \/>\n<meta property=\"og:locale\" content=\"en_US\" \/>\n<meta property=\"og:type\" content=\"article\" \/>\n<meta property=\"og:title\" content=\"Imprint &#8212; Liebling + Schatz\" \/>\n<meta property=\"og:description\" content=\"Systemische Paarberatung und Ehetherapie in M\u00fcnchen: Wir, Birgitt H\u00f6lzel und Stefan Ruzas, helfen Ihnen bei Krisen, Konflikten und Pr\u00e4vention - von Paar zu Paar. Tel.: 089-44250219\" \/>\n<meta property=\"og:url\" content=\"https:\/\/lieblingundschatz.de\/en\/contact\/imprint\/\" \/>\n<meta property=\"og:site_name\" content=\"Liebling + Schatz\" \/>\n<meta property=\"article:publisher\" content=\"https:\/\/www.facebook.com\/lieblingundschatz\/\" \/>\n<meta property=\"article:modified_time\" content=\"2024-03-11T14:10:00+00:00\" \/>\n<meta name=\"twitter:card\" content=\"summary_large_image\" \/>\n<meta name=\"twitter:site\" content=\"@schatz_liebling\" \/>\n<meta name=\"twitter:label1\" content=\"Est. reading time\" \/>\n\t<meta name=\"twitter:data1\" content=\"2 minutes\" \/>\n<script type=\"application\/ld+json\" class=\"yoast-schema-graph\">{\"@context\":\"https:\\\/\\\/schema.org\",\"@graph\":[{\"@type\":\"WebPage\",\"@id\":\"https:\\\/\\\/lieblingundschatz.de\\\/en\\\/contact\\\/imprint\\\/\",\"url\":\"https:\\\/\\\/lieblingundschatz.de\\\/en\\\/contact\\\/imprint\\\/\",\"name\":\"Imprint &#8212; Liebling + Schatz\",\"isPartOf\":{\"@id\":\"https:\\\/\\\/lieblingundschatz.de\\\/en\\\/#website\"},\"datePublished\":\"2020-06-10T08:46:59+00:00\",\"dateModified\":\"2024-03-11T14:10:00+00:00\",\"description\":\"Systemische Paarberatung und Ehetherapie in M\u00fcnchen: Wir, Birgitt H\u00f6lzel und Stefan Ruzas, helfen Ihnen bei Krisen, Konflikten und Pr\u00e4vention - von Paar zu Paar. Tel.: 089-44250219\",\"breadcrumb\":{\"@id\":\"https:\\\/\\\/lieblingundschatz.de\\\/en\\\/contact\\\/imprint\\\/#breadcrumb\"},\"inLanguage\":\"en-US\",\"potentialAction\":[{\"@type\":\"ReadAction\",\"target\":[\"https:\\\/\\\/lieblingundschatz.de\\\/en\\\/contact\\\/imprint\\\/\"]}]},{\"@type\":\"BreadcrumbList\",\"@id\":\"https:\\\/\\\/lieblingundschatz.de\\\/en\\\/contact\\\/imprint\\\/#breadcrumb\",\"itemListElement\":[{\"@type\":\"ListItem\",\"position\":1,\"name\":\"Home\",\"item\":\"https:\\\/\\\/lieblingundschatz.de\\\/en\\\/home\\\/\"},{\"@type\":\"ListItem\",\"position\":2,\"name\":\"Contact\",\"item\":\"https:\\\/\\\/lieblingundschatz.de\\\/en\\\/contact\\\/\"},{\"@type\":\"ListItem\",\"position\":3,\"name\":\"Imprint\"}]},{\"@type\":\"WebSite\",\"@id\":\"https:\\\/\\\/lieblingundschatz.de\\\/en\\\/#website\",\"url\":\"https:\\\/\\\/lieblingundschatz.de\\\/en\\\/\",\"name\":\"Liebling + Schatz\",\"description\":\"Paarpflege | Eheberatung | Intensivsitzung\",\"publisher\":{\"@id\":\"https:\\\/\\\/lieblingundschatz.de\\\/en\\\/#organization\"},\"potentialAction\":[{\"@type\":\"SearchAction\",\"target\":{\"@type\":\"EntryPoint\",\"urlTemplate\":\"https:\\\/\\\/lieblingundschatz.de\\\/en\\\/?s={search_term_string}\"},\"query-input\":{\"@type\":\"PropertyValueSpecification\",\"valueRequired\":true,\"valueName\":\"search_term_string\"}}],\"inLanguage\":\"en-US\"},{\"@type\":\"Organization\",\"@id\":\"https:\\\/\\\/lieblingundschatz.de\\\/en\\\/#organization\",\"name\":\"Liebling + Schatz\",\"url\":\"https:\\\/\\\/lieblingundschatz.de\\\/en\\\/\",\"logo\":{\"@type\":\"ImageObject\",\"inLanguage\":\"en-US\",\"@id\":\"https:\\\/\\\/lieblingundschatz.de\\\/en\\\/#\\\/schema\\\/logo\\\/image\\\/\",\"url\":\"https:\\\/\\\/lieblingundschatz.de\\\/wp-content\\\/uploads\\\/2020\\\/06\\\/liebling-und-schatz-aufmacher_small-dirty.png\",\"contentUrl\":\"https:\\\/\\\/lieblingundschatz.de\\\/wp-content\\\/uploads\\\/2020\\\/06\\\/liebling-und-schatz-aufmacher_small-dirty.png\",\"width\":518,\"height\":520,\"caption\":\"Liebling + Schatz\"},\"image\":{\"@id\":\"https:\\\/\\\/lieblingundschatz.de\\\/en\\\/#\\\/schema\\\/logo\\\/image\\\/\"},\"sameAs\":[\"https:\\\/\\\/www.facebook.com\\\/lieblingundschatz\\\/\",\"https:\\\/\\\/x.com\\\/schatz_liebling\",\"https:\\\/\\\/www.instagram.com\\\/lieblingundschatz\\\/\"]}]}<\/script>\n<!-- \/ Yoast SEO plugin. -->","yoast_head_json":{"title":"Imprint &#8212; Liebling + Schatz","description":"Systemische Paarberatung und Ehetherapie in M\u00fcnchen: Wir, Birgitt H\u00f6lzel und Stefan Ruzas, helfen Ihnen bei Krisen, Konflikten und Pr\u00e4vention - von Paar zu Paar. Tel.: 089-44250219","robots":{"index":"index","follow":"follow","max-snippet":"max-snippet:-1","max-image-preview":"max-image-preview:large","max-video-preview":"max-video-preview:-1"},"canonical":"https:\/\/lieblingundschatz.de\/en\/contact\/imprint\/","og_locale":"en_US","og_type":"article","og_title":"Imprint &#8212; Liebling + Schatz","og_description":"Systemische Paarberatung und Ehetherapie in M\u00fcnchen: Wir, Birgitt H\u00f6lzel und Stefan Ruzas, helfen Ihnen bei Krisen, Konflikten und Pr\u00e4vention - von Paar zu Paar. Tel.: 089-44250219","og_url":"https:\/\/lieblingundschatz.de\/en\/contact\/imprint\/","og_site_name":"Liebling + Schatz","article_publisher":"https:\/\/www.facebook.com\/lieblingundschatz\/","article_modified_time":"2024-03-11T14:10:00+00:00","twitter_card":"summary_large_image","twitter_site":"@schatz_liebling","twitter_misc":{"Est. reading time":"2 minutes"},"schema":{"@context":"https:\/\/schema.org","@graph":[{"@type":"WebPage","@id":"https:\/\/lieblingundschatz.de\/en\/contact\/imprint\/","url":"https:\/\/lieblingundschatz.de\/en\/contact\/imprint\/","name":"Imprint &#8212; Liebling + Schatz","isPartOf":{"@id":"https:\/\/lieblingundschatz.de\/en\/#website"},"datePublished":"2020-06-10T08:46:59+00:00","dateModified":"2024-03-11T14:10:00+00:00","description":"Systemische Paarberatung und Ehetherapie in M\u00fcnchen: Wir, Birgitt H\u00f6lzel und Stefan Ruzas, helfen Ihnen bei Krisen, Konflikten und Pr\u00e4vention - von Paar zu Paar. Tel.: 089-44250219","breadcrumb":{"@id":"https:\/\/lieblingundschatz.de\/en\/contact\/imprint\/#breadcrumb"},"inLanguage":"en-US","potentialAction":[{"@type":"ReadAction","target":["https:\/\/lieblingundschatz.de\/en\/contact\/imprint\/"]}]},{"@type":"BreadcrumbList","@id":"https:\/\/lieblingundschatz.de\/en\/contact\/imprint\/#breadcrumb","itemListElement":[{"@type":"ListItem","position":1,"name":"Home","item":"https:\/\/lieblingundschatz.de\/en\/home\/"},{"@type":"ListItem","position":2,"name":"Contact","item":"https:\/\/lieblingundschatz.de\/en\/contact\/"},{"@type":"ListItem","position":3,"name":"Imprint"}]},{"@type":"WebSite","@id":"https:\/\/lieblingundschatz.de\/en\/#website","url":"https:\/\/lieblingundschatz.de\/en\/","name":"Liebling + Schatz","description":"Paarpflege | Eheberatung | Intensivsitzung","publisher":{"@id":"https:\/\/lieblingundschatz.de\/en\/#organization"},"potentialAction":[{"@type":"SearchAction","target":{"@type":"EntryPoint","urlTemplate":"https:\/\/lieblingundschatz.de\/en\/?s={search_term_string}"},"query-input":{"@type":"PropertyValueSpecification","valueRequired":true,"valueName":"search_term_string"}}],"inLanguage":"en-US"},{"@type":"Organization","@id":"https:\/\/lieblingundschatz.de\/en\/#organization","name":"Liebling + Schatz","url":"https:\/\/lieblingundschatz.de\/en\/","logo":{"@type":"ImageObject","inLanguage":"en-US","@id":"https:\/\/lieblingundschatz.de\/en\/#\/schema\/logo\/image\/","url":"https:\/\/lieblingundschatz.de\/wp-content\/uploads\/2020\/06\/liebling-und-schatz-aufmacher_small-dirty.png","contentUrl":"https:\/\/lieblingundschatz.de\/wp-content\/uploads\/2020\/06\/liebling-und-schatz-aufmacher_small-dirty.png","width":518,"height":520,"caption":"Liebling + Schatz"},"image":{"@id":"https:\/\/lieblingundschatz.de\/en\/#\/schema\/logo\/image\/"},"sameAs":["https:\/\/www.facebook.com\/lieblingundschatz\/","https:\/\/x.com\/schatz_liebling","https:\/\/www.instagram.com\/lieblingundschatz\/"]}]}},"_links":{"self":[{"href":"https:\/\/lieblingundschatz.de\/en\/wp-json\/wp\/v2\/pages\/2019","targetHints":{"allow":["GET"]}}],"collection":[{"href":"https:\/\/lieblingundschatz.de\/en\/wp-json\/wp\/v2\/pages"}],"about":[{"href":"https:\/\/lieblingundschatz.de\/en\/wp-json\/wp\/v2\/types\/page"}],"author":[{"embeddable":true,"href":"https:\/\/lieblingundschatz.de\/en\/wp-json\/wp\/v2\/users\/4"}],"replies":[{"embeddable":true,"href":"https:\/\/lieblingundschatz.de\/en\/wp-json\/wp\/v2\/comments?post=2019"}],"version-history":[{"count":2,"href":"https:\/\/lieblingundschatz.de\/en\/wp-json\/wp\/v2\/pages\/2019\/revisions"}],"predecessor-version":[{"id":2024,"href":"https:\/\/lieblingundschatz.de\/en\/wp-json\/wp\/v2\/pages\/2019\/revisions\/2024"}],"up":[{"embeddable":true,"href":"https:\/\/lieblingundschatz.de\/en\/wp-json\/wp\/v2\/pages\/2017"}],"wp:attachment":[{"href":"https:\/\/lieblingundschatz.de\/en\/wp-json\/wp\/v2\/media?parent=2019"}],"curies":[{"name":"wp","href":"https:\/\/api.w.org\/{rel}","templated":true}]}}