{"id":2597,"date":"2020-06-10T10:45:47","date_gmt":"2020-06-10T08:45:47","guid":{"rendered":"https:\/\/lieblingundschatz.de\/contacto\/"},"modified":"2026-04-07T11:20:47","modified_gmt":"2026-04-07T09:20:47","slug":"contacto","status":"publish","type":"page","link":"https:\/\/lieblingundschatz.de\/es\/contacto\/","title":{"rendered":"Contacto"},"content":{"rendered":"\t\t<div data-elementor-type=\"wp-page\" data-elementor-id=\"2597\" class=\"elementor elementor-2597 elementor-392\" data-elementor-post-type=\"page\">\n\t\t\t\t\t\t<section class=\"elementor-section elementor-top-section elementor-element elementor-element-657f187 elementor-section-boxed elementor-section-height-default elementor-section-height-default\" data-id=\"657f187\" data-element_type=\"section\" data-e-type=\"section\">\n\t\t\t\t\t\t<div class=\"elementor-container elementor-column-gap-default\">\n\t\t\t\t\t<div class=\"elementor-column elementor-col-100 elementor-top-column elementor-element elementor-element-4e5cf04\" data-id=\"4e5cf04\" data-element_type=\"column\" data-e-type=\"column\">\n\t\t\t<div class=\"elementor-widget-wrap elementor-element-populated\">\n\t\t\t\t\t\t<div class=\"elementor-element elementor-element-ce8b19c elementor-widget elementor-widget-heading\" data-id=\"ce8b19c\" data-element_type=\"widget\" data-e-type=\"widget\" data-widget_type=\"heading.default\">\n\t\t\t\t<div class=\"elementor-widget-container\">\n\t\t\t\t\t<h1 class=\"elementor-heading-title elementor-size-default\">Contacto<\/h1>\t\t\t\t<\/div>\n\t\t\t\t<\/div>\n\t\t\t\t\t<\/div>\n\t\t<\/div>\n\t\t\t\t\t<\/div>\n\t\t<\/section>\n\t\t\t\t<section class=\"elementor-section elementor-top-section elementor-element elementor-element-72f1c9c elementor-section-boxed elementor-section-height-default elementor-section-height-default\" data-id=\"72f1c9c\" data-element_type=\"section\" data-e-type=\"section\">\n\t\t\t\t\t\t<div class=\"elementor-container elementor-column-gap-default\">\n\t\t\t\t\t<div class=\"elementor-column elementor-col-50 elementor-top-column elementor-element elementor-element-de49692\" data-id=\"de49692\" data-element_type=\"column\" data-e-type=\"column\">\n\t\t\t<div class=\"elementor-widget-wrap elementor-element-populated\">\n\t\t\t\t\t\t<div class=\"elementor-element elementor-element-7769022 elementor-widget elementor-widget-text-editor\" data-id=\"7769022\" data-element_type=\"widget\" data-e-type=\"widget\" data-widget_type=\"text-editor.default\">\n\t\t\t\t<div class=\"elementor-widget-container\">\n\t\t\t\t\t\t\t\t\t<div class=\"wpb_text_column wpb_content_element \">\n<div class=\"wpb_wrapper\">\n<h2>CARI\u00d1O + CARI\u00d1O<\/h2>\n<div class=\"textwidget\">\n<p>Birgitt H\u00f6lzel y Stefan Ruzas<br>Terapia sist\u00e9mica individual, de pareja y familiar<\/p>\n<p class=\"v1MsoNormal\"><a href=\"https:\/\/praxis-lehel.de\/\" target=\"_blank\" rel=\"noopener\">Practica Lehel<\/a><br><u><\/u><u><\/u>Steinsdorfstra\u00dfe 4<br><u><\/u><u><\/u>80538 M\u00fanich<u><\/u><u><\/u><\/p>\n<p><a href=\"tel:+498944250219\">089\/ 44 25 02 19<\/a><\/p>\n<\/div>\n<div class=\"textwidget\">www.lieblingundschatz.de<\/div>\n<div class=\"textwidget\">Responsable en el sentido del art\u00edculo 55, p\u00e1rrafo 2 del RStV: Birgitt H\u00f6lzel\/Stefan Ruzas. Descargo de responsabilidad: A pesar del control cuidadoso del contenido, no asumimos ninguna responsabilidad por el contenido de los enlaces externos. Los operadores de las p\u00e1ginas enlazadas son los \u00fanicos responsables de su contenido.  <\/div>\n<div class=\"textwidget\">&nbsp;<\/div>\n<p><strong>Ilustraci\u00f3n:<\/strong> \u00abLa ca\u00edda del hombre\u00bb \/ Alberto Durero (1504)<\/p>\n<div class=\"textwidget\">\n<p><strong>Dise\u00f1o y concepto:<\/strong> 2issue Digital Publishing GmbH<\/p>\n<p><strong>Programaci\u00f3n:<\/strong> <a href=\"https:\/\/koredesign.de\" target=\"_blank\" rel=\"noopener\">Koredesign<\/a><\/p>\n<p><strong>Fotos:<\/strong> auen60photography (Retratos y pr\u00e1ctica) \/ Unsplash \/ Giu Vicente \/ Charly Forster<\/p>\n<\/div>\n<p><strong>Derechos de autor:<\/strong> Liebling + Schatz \u00a9 2015 &#8211; 2025. Todos los derechos reservados. <\/p>\n<\/div>\n<\/div>\n<div class=\"vc_empty_space\">&nbsp;<\/div>\t\t\t\t\t\t\t\t<\/div>\n\t\t\t\t<\/div>\n\t\t\t\t\t<\/div>\n\t\t<\/div>\n\t\t\t\t<div class=\"elementor-column elementor-col-50 elementor-top-column elementor-element elementor-element-6494259\" data-id=\"6494259\" data-element_type=\"column\" data-e-type=\"column\">\n\t\t\t<div class=\"elementor-widget-wrap elementor-element-populated\">\n\t\t\t\t\t\t<section class=\"elementor-section elementor-inner-section elementor-element elementor-element-ebfe85d elementor-section-boxed elementor-section-height-default elementor-section-height-default\" data-id=\"ebfe85d\" data-element_type=\"section\" data-e-type=\"section\">\n\t\t\t\t\t\t<div class=\"elementor-container elementor-column-gap-default\">\n\t\t\t\t\t<div class=\"elementor-column elementor-col-50 elementor-inner-column elementor-element elementor-element-d6fae98\" data-id=\"d6fae98\" data-element_type=\"column\" data-e-type=\"column\">\n\t\t\t<div class=\"elementor-widget-wrap elementor-element-populated\">\n\t\t\t\t\t\t<div class=\"elementor-element elementor-element-59b3b75 elementor-hidden-desktop elementor-hidden-tablet elementor-hidden-mobile elementor-view-default elementor-widget elementor-widget-icon\" data-id=\"59b3b75\" data-element_type=\"widget\" data-e-type=\"widget\" data-widget_type=\"icon.default\">\n\t\t\t\t<div class=\"elementor-widget-container\">\n\t\t\t\t\t\t\t<div class=\"elementor-icon-wrapper\">\n\t\t\t<div class=\"elementor-icon\">\n\t\t\t<i aria-hidden=\"true\" class=\"fas fa-exclamation-triangle\"><\/i>\t\t\t<\/div>\n\t\t<\/div>\n\t\t\t\t\t\t<\/div>\n\t\t\t\t<\/div>\n\t\t\t\t\t<\/div>\n\t\t<\/div>\n\t\t\t\t<div class=\"elementor-column elementor-col-50 elementor-inner-column elementor-element elementor-element-3ebe1dc\" data-id=\"3ebe1dc\" data-element_type=\"column\" data-e-type=\"column\">\n\t\t\t<div class=\"elementor-widget-wrap elementor-element-populated\">\n\t\t\t\t\t\t<div class=\"elementor-element elementor-element-b851cff elementor-hidden-desktop elementor-hidden-tablet elementor-hidden-mobile elementor-widget elementor-widget-text-editor\" data-id=\"b851cff\" data-element_type=\"widget\" data-e-type=\"widget\" data-widget_type=\"text-editor.default\">\n\t\t\t\t<div class=\"elementor-widget-container\">\n\t\t\t\t\t\t\t\t\t<p style=\"text-align: center;\">Nuestra consulta est\u00e1 cerrada hasta el 06.01.2026.<br>Por lo tanto, lamentablemente no podremos responder a tu correo durante este tiempo. Te pedimos tu comprensi\u00f3n. <\/p>\t\t\t\t\t\t\t\t<\/div>\n\t\t\t\t<\/div>\n\t\t\t\t\t<\/div>\n\t\t<\/div>\n\t\t\t\t\t<\/div>\n\t\t<\/section>\n\t\t\t\t<div class=\"elementor-element elementor-element-5520d2f elementor-button-align-stretch elementor-widget elementor-widget-form\" data-id=\"5520d2f\" data-element_type=\"widget\" data-e-type=\"widget\" data-settings=\"{&quot;step_next_label&quot;:&quot;Pr\\u00f3ximo&quot;,&quot;step_previous_label&quot;:&quot;Anterior&quot;,&quot;button_width&quot;:&quot;100&quot;,&quot;step_type&quot;:&quot;number_text&quot;,&quot;step_icon_shape&quot;:&quot;circle&quot;}\" data-widget_type=\"form.default\">\n\t\t\t\t<div class=\"elementor-widget-container\">\n\t\t\t\t\t\t\t<form class=\"elementor-form\" method=\"post\" name=\"Nuevo formulario\" aria-label=\"Nuevo formulario\">\n\t\t\t<input type=\"hidden\" name=\"post_id\" value=\"2597\"\/>\n\t\t\t<input type=\"hidden\" name=\"form_id\" value=\"5520d2f\"\/>\n\t\t\t<input type=\"hidden\" name=\"referer_title\" value=\"Contacto &#8212; Liebling + Schatz\" \/>\n\n\t\t\t\t\t\t\t<input type=\"hidden\" name=\"queried_id\" value=\"2597\"\/>\n\t\t\t\n\t\t\t<div class=\"elementor-form-fields-wrapper elementor-labels-above\">\n\t\t\t\t\t\t\t\t<div class=\"elementor-field-type-text elementor-field-group elementor-column elementor-field-group-name elementor-col-100\">\n\t\t\t\t\t\t\t\t\t\t\t\t<label for=\"form-field-name\" class=\"elementor-field-label\">\n\t\t\t\t\t\t\t\tNombre\t\t\t\t\t\t\t<\/label>\n\t\t\t\t\t\t\t\t\t\t\t\t\t\t<input size=\"1\" type=\"text\" name=\"form_fields[name]\" id=\"form-field-name\" class=\"elementor-field elementor-size-sm  elementor-field-textual\" placeholder=\"Nombre\">\n\t\t\t\t\t\t\t\t\t\t\t<\/div>\n\t\t\t\t\t\t\t\t<div class=\"elementor-field-type-email elementor-field-group elementor-column elementor-field-group-email elementor-col-100 elementor-field-required\">\n\t\t\t\t\t\t\t\t\t\t\t\t<label for=\"form-field-email\" class=\"elementor-field-label\">\n\t\t\t\t\t\t\t\tEsmalte\t\t\t\t\t\t\t<\/label>\n\t\t\t\t\t\t\t\t\t\t\t\t\t\t<input size=\"1\" type=\"email\" name=\"form_fields[email]\" id=\"form-field-email\" class=\"elementor-field elementor-size-sm  elementor-field-textual\" placeholder=\"Esmalte\" required=\"required\">\n\t\t\t\t\t\t\t\t\t\t\t<\/div>\n\t\t\t\t\t\t\t\t<div class=\"elementor-field-type-tel elementor-field-group elementor-column elementor-field-group-field_d1964dd elementor-col-100\">\n\t\t\t\t\t\t\t\t\t\t\t\t<label for=\"form-field-field_d1964dd\" class=\"elementor-field-label\">\n\t\t\t\t\t\t\t\tTel\u00e9fono\t\t\t\t\t\t\t<\/label>\n\t\t\t\t\t\t\t\t<input size=\"1\" type=\"tel\" name=\"form_fields[field_d1964dd]\" id=\"form-field-field_d1964dd\" class=\"elementor-field elementor-size-sm  elementor-field-textual\" pattern=\"[0-9()#&amp;+*-=.]+\" title=\"Solo se aceptan n\u00fameros y caracteres de tel\u00e9fono (#,-,*,etc).\">\n\n\t\t\t\t\t\t<\/div>\n\t\t\t\t\t\t\t\t<div class=\"elementor-field-type-textarea elementor-field-group elementor-column elementor-field-group-message elementor-col-100\">\n\t\t\t\t\t\t\t\t\t\t\t\t<label for=\"form-field-message\" class=\"elementor-field-label\">\n\t\t\t\t\t\t\t\tSu mensaje para nosotros\t\t\t\t\t\t\t<\/label>\n\t\t\t\t\t\t<textarea class=\"elementor-field-textual elementor-field  elementor-size-sm\" name=\"form_fields[message]\" id=\"form-field-message\" rows=\"4\" placeholder=\"Ingrese su mensaje aqu\u00ed\"><\/textarea>\t\t\t\t<\/div>\n\t\t\t\t\t\t\t\t<div class=\"elementor-field-type-recaptcha_v3 elementor-field-group elementor-column elementor-field-group-field_3a31dcc elementor-col-100 recaptcha_v3-bottomright\">\n\t\t\t\t\t<div class=\"elementor-field\" id=\"form-field-field_3a31dcc\"><div class=\"elementor-g-recaptcha\" data-sitekey=\"6LcnNOAqAAAAAG5oE6W1hOb0Uxs2Te-oxYwHZsw8\" data-type=\"v3\" data-action=\"Form\" data-badge=\"bottomright\" data-size=\"invisible\"><\/div><\/div>\t\t\t\t<\/div>\n\t\t\t\t\t\t\t\t<div class=\"elementor-field-group elementor-column elementor-field-type-submit elementor-col-100 e-form__buttons\">\n\t\t\t\t\t<button class=\"elementor-button elementor-size-sm\" type=\"submit\">\n\t\t\t\t\t\t<span class=\"elementor-button-content-wrapper\">\n\t\t\t\t\t\t\t\t\t\t\t\t\t\t\t\t\t\t\t\t\t\t<span class=\"elementor-button-text\">Env\u00edo<\/span>\n\t\t\t\t\t\t\t\t\t\t\t\t\t<\/span>\n\t\t\t\t\t<\/button>\n\t\t\t\t<\/div>\n\t\t\t<\/div>\n\t\t<\/form>\n\t\t\t\t\t\t<\/div>\n\t\t\t\t<\/div>\n\t\t\t\t\t<\/div>\n\t\t<\/div>\n\t\t\t\t\t<\/div>\n\t\t<\/section>\n\t\t\t\t<\/div>\n\t\t","protected":false},"excerpt":{"rendered":"<p>Contacto CARI\u00d1O + CARI\u00d1O Birgitt H\u00f6lzel y Stefan RuzasTerapia sist\u00e9mica individual, de pareja y familiar Practica LehelSteinsdorfstra\u00dfe 480538 M\u00fanich 089\/ 44 25 02 19 www.lieblingundschatz.de Responsable en el sentido del art\u00edculo 55, p\u00e1rrafo 2 del RStV: Birgitt H\u00f6lzel\/Stefan Ruzas. Descargo de responsabilidad: A pesar del control cuidadoso del contenido, no asumimos ninguna responsabilidad por el [&hellip;]<\/p>\n","protected":false},"author":4,"featured_media":0,"parent":0,"menu_order":0,"comment_status":"closed","ping_status":"closed","template":"","meta":{"_monsterinsights_skip_tracking":false,"_monsterinsights_sitenote_active":false,"_monsterinsights_sitenote_note":"","_monsterinsights_sitenote_category":0,"site-sidebar-layout":"no-sidebar","site-content-layout":"page-builder","ast-site-content-layout":"default","site-content-style":"default","site-sidebar-style":"default","ast-global-header-display":"","ast-banner-title-visibility":"","ast-main-header-display":"","ast-hfb-above-header-display":"","ast-hfb-below-header-display":"","ast-hfb-mobile-header-display":"","site-post-title":"disabled","ast-breadcrumbs-content":"","ast-featured-img":"disabled","footer-sml-layout":"","ast-disable-related-posts":"","theme-transparent-header-meta":"default","adv-header-id-meta":"","stick-header-meta":"default","header-above-stick-meta":"","header-main-stick-meta":"","header-below-stick-meta":"","astra-migrate-meta-layouts":"default","ast-page-background-enabled":"default","ast-page-background-meta":{"desktop":{"background-color":"","background-image":"","background-repeat":"repeat","background-position":"center center","background-size":"auto","background-attachment":"scroll","background-type":"","background-media":"","overlay-type":"","overlay-color":"","overlay-opacity":"","overlay-gradient":""},"tablet":{"background-color":"","background-image":"","background-repeat":"repeat","background-position":"center center","background-size":"auto","background-attachment":"scroll","background-type":"","background-media":"","overlay-type":"","overlay-color":"","overlay-opacity":"","overlay-gradient":""},"mobile":{"background-color":"","background-image":"","background-repeat":"repeat","background-position":"center center","background-size":"auto","background-attachment":"scroll","background-type":"","background-media":"","overlay-type":"","overlay-color":"","overlay-opacity":"","overlay-gradient":""}},"ast-content-background-meta":{"desktop":{"background-color":"var(--ast-global-color-5)","background-image":"","background-repeat":"repeat","background-position":"center center","background-size":"auto","background-attachment":"scroll","background-type":"","background-media":"","overlay-type":"","overlay-color":"","overlay-opacity":"","overlay-gradient":""},"tablet":{"background-color":"var(--ast-global-color-5)","background-image":"","background-repeat":"repeat","background-position":"center center","background-size":"auto","background-attachment":"scroll","background-type":"","background-media":"","overlay-type":"","overlay-color":"","overlay-opacity":"","overlay-gradient":""},"mobile":{"background-color":"var(--ast-global-color-5)","background-image":"","background-repeat":"repeat","background-position":"center center","background-size":"auto","background-attachment":"scroll","background-type":"","background-media":"","overlay-type":"","overlay-color":"","overlay-opacity":"","overlay-gradient":""}},"footnotes":""},"class_list":["post-2597","page","type-page","status-publish","hentry"],"yoast_head":"<!-- This site is optimized with the Yoast SEO plugin v27.3 - https:\/\/yoast.com\/product\/yoast-seo-wordpress\/ -->\n<title>Contacto &#8212; Liebling + Schatz<\/title>\n<meta name=\"description\" content=\"Systemische Paarberatung und Ehetherapie in M\u00fcnchen: Wir, Birgitt H\u00f6lzel und Stefan Ruzas, helfen Ihnen bei Krisen, Konflikten und Pr\u00e4vention - von Paar zu Paar. Tel.: 089-44250219\" \/>\n<meta name=\"robots\" content=\"index, follow, max-snippet:-1, max-image-preview:large, max-video-preview:-1\" \/>\n<link rel=\"canonical\" href=\"https:\/\/lieblingundschatz.de\/es\/contacto\/\" \/>\n<meta property=\"og:locale\" content=\"es_ES\" \/>\n<meta property=\"og:type\" content=\"article\" \/>\n<meta property=\"og:title\" content=\"Contacto &#8212; Liebling + Schatz\" \/>\n<meta property=\"og:description\" content=\"Systemische Paarberatung und Ehetherapie in M\u00fcnchen: Wir, Birgitt H\u00f6lzel und Stefan Ruzas, helfen Ihnen bei Krisen, Konflikten und Pr\u00e4vention - von Paar zu Paar. Tel.: 089-44250219\" \/>\n<meta property=\"og:url\" content=\"https:\/\/lieblingundschatz.de\/es\/contacto\/\" \/>\n<meta property=\"og:site_name\" content=\"Liebling + Schatz\" \/>\n<meta property=\"article:publisher\" content=\"https:\/\/www.facebook.com\/lieblingundschatz\/\" \/>\n<meta property=\"article:modified_time\" content=\"2026-04-07T09:20:47+00:00\" \/>\n<meta name=\"twitter:card\" content=\"summary_large_image\" \/>\n<meta name=\"twitter:site\" content=\"@schatz_liebling\" \/>\n<meta name=\"twitter:label1\" content=\"Tiempo de lectura\" \/>\n\t<meta name=\"twitter:data1\" content=\"1 minuto\" \/>\n<script type=\"application\/ld+json\" class=\"yoast-schema-graph\">{\"@context\":\"https:\\\/\\\/schema.org\",\"@graph\":[{\"@type\":\"WebPage\",\"@id\":\"https:\\\/\\\/lieblingundschatz.de\\\/es\\\/contacto\\\/\",\"url\":\"https:\\\/\\\/lieblingundschatz.de\\\/es\\\/contacto\\\/\",\"name\":\"Contacto &#8212; Liebling + Schatz\",\"isPartOf\":{\"@id\":\"https:\\\/\\\/lieblingundschatz.de\\\/es\\\/#website\"},\"datePublished\":\"2020-06-10T08:45:47+00:00\",\"dateModified\":\"2026-04-07T09:20:47+00:00\",\"description\":\"Systemische Paarberatung und Ehetherapie in M\u00fcnchen: Wir, Birgitt H\u00f6lzel und Stefan Ruzas, helfen Ihnen bei Krisen, Konflikten und Pr\u00e4vention - von Paar zu Paar. Tel.: 089-44250219\",\"breadcrumb\":{\"@id\":\"https:\\\/\\\/lieblingundschatz.de\\\/es\\\/contacto\\\/#breadcrumb\"},\"inLanguage\":\"es\",\"potentialAction\":[{\"@type\":\"ReadAction\",\"target\":[\"https:\\\/\\\/lieblingundschatz.de\\\/es\\\/contacto\\\/\"]}]},{\"@type\":\"BreadcrumbList\",\"@id\":\"https:\\\/\\\/lieblingundschatz.de\\\/es\\\/contacto\\\/#breadcrumb\",\"itemListElement\":[{\"@type\":\"ListItem\",\"position\":1,\"name\":\"Home\",\"item\":\"https:\\\/\\\/lieblingundschatz.de\\\/es\\\/?page_id=2647\"},{\"@type\":\"ListItem\",\"position\":2,\"name\":\"Contacto\"}]},{\"@type\":\"WebSite\",\"@id\":\"https:\\\/\\\/lieblingundschatz.de\\\/es\\\/#website\",\"url\":\"https:\\\/\\\/lieblingundschatz.de\\\/es\\\/\",\"name\":\"Liebling + Schatz\",\"description\":\"Paarpflege | Eheberatung | Intensivsitzung\",\"publisher\":{\"@id\":\"https:\\\/\\\/lieblingundschatz.de\\\/es\\\/#organization\"},\"potentialAction\":[{\"@type\":\"SearchAction\",\"target\":{\"@type\":\"EntryPoint\",\"urlTemplate\":\"https:\\\/\\\/lieblingundschatz.de\\\/es\\\/?s={search_term_string}\"},\"query-input\":{\"@type\":\"PropertyValueSpecification\",\"valueRequired\":true,\"valueName\":\"search_term_string\"}}],\"inLanguage\":\"es\"},{\"@type\":\"Organization\",\"@id\":\"https:\\\/\\\/lieblingundschatz.de\\\/es\\\/#organization\",\"name\":\"Liebling + Schatz\",\"url\":\"https:\\\/\\\/lieblingundschatz.de\\\/es\\\/\",\"logo\":{\"@type\":\"ImageObject\",\"inLanguage\":\"es\",\"@id\":\"https:\\\/\\\/lieblingundschatz.de\\\/es\\\/#\\\/schema\\\/logo\\\/image\\\/\",\"url\":\"https:\\\/\\\/lieblingundschatz.de\\\/wp-content\\\/uploads\\\/2020\\\/06\\\/liebling-und-schatz-aufmacher_small-dirty.png\",\"contentUrl\":\"https:\\\/\\\/lieblingundschatz.de\\\/wp-content\\\/uploads\\\/2020\\\/06\\\/liebling-und-schatz-aufmacher_small-dirty.png\",\"width\":518,\"height\":520,\"caption\":\"Liebling + Schatz\"},\"image\":{\"@id\":\"https:\\\/\\\/lieblingundschatz.de\\\/es\\\/#\\\/schema\\\/logo\\\/image\\\/\"},\"sameAs\":[\"https:\\\/\\\/www.facebook.com\\\/lieblingundschatz\\\/\",\"https:\\\/\\\/x.com\\\/schatz_liebling\",\"https:\\\/\\\/www.instagram.com\\\/lieblingundschatz\\\/\"]}]}<\/script>\n<!-- \/ Yoast SEO plugin. -->","yoast_head_json":{"title":"Contacto &#8212; Liebling + Schatz","description":"Systemische Paarberatung und Ehetherapie in M\u00fcnchen: Wir, Birgitt H\u00f6lzel und Stefan Ruzas, helfen Ihnen bei Krisen, Konflikten und Pr\u00e4vention - von Paar zu Paar. Tel.: 089-44250219","robots":{"index":"index","follow":"follow","max-snippet":"max-snippet:-1","max-image-preview":"max-image-preview:large","max-video-preview":"max-video-preview:-1"},"canonical":"https:\/\/lieblingundschatz.de\/es\/contacto\/","og_locale":"es_ES","og_type":"article","og_title":"Contacto &#8212; Liebling + Schatz","og_description":"Systemische Paarberatung und Ehetherapie in M\u00fcnchen: Wir, Birgitt H\u00f6lzel und Stefan Ruzas, helfen Ihnen bei Krisen, Konflikten und Pr\u00e4vention - von Paar zu Paar. Tel.: 089-44250219","og_url":"https:\/\/lieblingundschatz.de\/es\/contacto\/","og_site_name":"Liebling + Schatz","article_publisher":"https:\/\/www.facebook.com\/lieblingundschatz\/","article_modified_time":"2026-04-07T09:20:47+00:00","twitter_card":"summary_large_image","twitter_site":"@schatz_liebling","twitter_misc":{"Tiempo de lectura":"1 minuto"},"schema":{"@context":"https:\/\/schema.org","@graph":[{"@type":"WebPage","@id":"https:\/\/lieblingundschatz.de\/es\/contacto\/","url":"https:\/\/lieblingundschatz.de\/es\/contacto\/","name":"Contacto &#8212; Liebling + Schatz","isPartOf":{"@id":"https:\/\/lieblingundschatz.de\/es\/#website"},"datePublished":"2020-06-10T08:45:47+00:00","dateModified":"2026-04-07T09:20:47+00:00","description":"Systemische Paarberatung und Ehetherapie in M\u00fcnchen: Wir, Birgitt H\u00f6lzel und Stefan Ruzas, helfen Ihnen bei Krisen, Konflikten und Pr\u00e4vention - von Paar zu Paar. Tel.: 089-44250219","breadcrumb":{"@id":"https:\/\/lieblingundschatz.de\/es\/contacto\/#breadcrumb"},"inLanguage":"es","potentialAction":[{"@type":"ReadAction","target":["https:\/\/lieblingundschatz.de\/es\/contacto\/"]}]},{"@type":"BreadcrumbList","@id":"https:\/\/lieblingundschatz.de\/es\/contacto\/#breadcrumb","itemListElement":[{"@type":"ListItem","position":1,"name":"Home","item":"https:\/\/lieblingundschatz.de\/es\/?page_id=2647"},{"@type":"ListItem","position":2,"name":"Contacto"}]},{"@type":"WebSite","@id":"https:\/\/lieblingundschatz.de\/es\/#website","url":"https:\/\/lieblingundschatz.de\/es\/","name":"Liebling + Schatz","description":"Paarpflege | Eheberatung | Intensivsitzung","publisher":{"@id":"https:\/\/lieblingundschatz.de\/es\/#organization"},"potentialAction":[{"@type":"SearchAction","target":{"@type":"EntryPoint","urlTemplate":"https:\/\/lieblingundschatz.de\/es\/?s={search_term_string}"},"query-input":{"@type":"PropertyValueSpecification","valueRequired":true,"valueName":"search_term_string"}}],"inLanguage":"es"},{"@type":"Organization","@id":"https:\/\/lieblingundschatz.de\/es\/#organization","name":"Liebling + Schatz","url":"https:\/\/lieblingundschatz.de\/es\/","logo":{"@type":"ImageObject","inLanguage":"es","@id":"https:\/\/lieblingundschatz.de\/es\/#\/schema\/logo\/image\/","url":"https:\/\/lieblingundschatz.de\/wp-content\/uploads\/2020\/06\/liebling-und-schatz-aufmacher_small-dirty.png","contentUrl":"https:\/\/lieblingundschatz.de\/wp-content\/uploads\/2020\/06\/liebling-und-schatz-aufmacher_small-dirty.png","width":518,"height":520,"caption":"Liebling + Schatz"},"image":{"@id":"https:\/\/lieblingundschatz.de\/es\/#\/schema\/logo\/image\/"},"sameAs":["https:\/\/www.facebook.com\/lieblingundschatz\/","https:\/\/x.com\/schatz_liebling","https:\/\/www.instagram.com\/lieblingundschatz\/"]}]}},"_links":{"self":[{"href":"https:\/\/lieblingundschatz.de\/es\/wp-json\/wp\/v2\/pages\/2597","targetHints":{"allow":["GET"]}}],"collection":[{"href":"https:\/\/lieblingundschatz.de\/es\/wp-json\/wp\/v2\/pages"}],"about":[{"href":"https:\/\/lieblingundschatz.de\/es\/wp-json\/wp\/v2\/types\/page"}],"author":[{"embeddable":true,"href":"https:\/\/lieblingundschatz.de\/es\/wp-json\/wp\/v2\/users\/4"}],"replies":[{"embeddable":true,"href":"https:\/\/lieblingundschatz.de\/es\/wp-json\/wp\/v2\/comments?post=2597"}],"version-history":[{"count":7,"href":"https:\/\/lieblingundschatz.de\/es\/wp-json\/wp\/v2\/pages\/2597\/revisions"}],"predecessor-version":[{"id":2959,"href":"https:\/\/lieblingundschatz.de\/es\/wp-json\/wp\/v2\/pages\/2597\/revisions\/2959"}],"wp:attachment":[{"href":"https:\/\/lieblingundschatz.de\/es\/wp-json\/wp\/v2\/media?parent=2597"}],"curies":[{"name":"wp","href":"https:\/\/api.w.org\/{rel}","templated":true}]}}