{"id":2689,"date":"2020-06-10T10:46:59","date_gmt":"2020-06-10T08:46:59","guid":{"rendered":"https:\/\/lieblingundschatz.de\/contacto\/impresion\/"},"modified":"2025-09-30T09:37:07","modified_gmt":"2025-09-30T07:37:07","slug":"impresion","status":"publish","type":"page","link":"https:\/\/lieblingundschatz.de\/es\/contacto\/impresion\/","title":{"rendered":"Impresi\u00f3n"},"content":{"rendered":"\t\t<div data-elementor-type=\"wp-page\" data-elementor-id=\"2689\" class=\"elementor elementor-2689 elementor-396\" data-elementor-post-type=\"page\">\n\t\t\t\t\t\t<section class=\"elementor-section elementor-top-section elementor-element elementor-element-a20a7f2 elementor-section-boxed elementor-section-height-default elementor-section-height-default\" data-id=\"a20a7f2\" data-element_type=\"section\" data-e-type=\"section\">\n\t\t\t\t\t\t<div class=\"elementor-container elementor-column-gap-default\">\n\t\t\t\t\t<div class=\"elementor-column elementor-col-100 elementor-top-column elementor-element elementor-element-95971a6\" data-id=\"95971a6\" data-element_type=\"column\" data-e-type=\"column\">\n\t\t\t<div class=\"elementor-widget-wrap elementor-element-populated\">\n\t\t\t\t\t\t<div class=\"elementor-element elementor-element-3788f58 elementor-widget elementor-widget-heading\" data-id=\"3788f58\" data-element_type=\"widget\" data-e-type=\"widget\" data-widget_type=\"heading.default\">\n\t\t\t\t<div class=\"elementor-widget-container\">\n\t\t\t\t\t<h1 class=\"elementor-heading-title elementor-size-default\">Impresi\u00f3n\n<\/h1>\t\t\t\t<\/div>\n\t\t\t\t<\/div>\n\t\t\t\t\t<\/div>\n\t\t<\/div>\n\t\t\t\t\t<\/div>\n\t\t<\/section>\n\t\t\t\t<section class=\"elementor-section elementor-top-section elementor-element elementor-element-69ab63e elementor-section-boxed elementor-section-height-default elementor-section-height-default\" data-id=\"69ab63e\" data-element_type=\"section\" data-e-type=\"section\">\n\t\t\t\t\t\t<div class=\"elementor-container elementor-column-gap-default\">\n\t\t\t\t\t<div class=\"elementor-column elementor-col-100 elementor-top-column elementor-element elementor-element-9b2fca1\" data-id=\"9b2fca1\" data-element_type=\"column\" data-e-type=\"column\">\n\t\t\t<div class=\"elementor-widget-wrap elementor-element-populated\">\n\t\t\t\t\t\t<div class=\"elementor-element elementor-element-342ab58 elementor-widget elementor-widget-text-editor\" data-id=\"342ab58\" data-element_type=\"widget\" data-e-type=\"widget\" data-widget_type=\"text-editor.default\">\n\t\t\t\t<div class=\"elementor-widget-container\">\n\t\t\t\t\t\t\t\t\t<h2>Informaci\u00f3n seg\u00fan el \u00a7 5 TMG<\/h2><p>Birgitt H\u00f6lzel y Stefan Ruzas<\/p><p>Practica Lehel<br>Steinsdorfstra\u00dfe 4<br>80538 M\u00fanich (Lehel)<br>Alemania<\/p><h3>Representada por<\/h3><p>Birgitt H\u00f6lzel, practicante alternativa, limitada a la psicoterapia<br>Stefan Ruzas<\/p><h3>Contacto<\/h3><p>Tel\u00e9fono: +49 (0) 89 44 25 02 19<br>Correo electr\u00f3nico: praxis[at]lieblingundschatz.de<\/p><h3>Responsable del contenido seg\u00fan el \u00a7 55 Abs. 2 RStV <\/h3><p>Birgitt H\u00f6lzel, Stefan Ruzas, GBR<br>Ahornstra\u00dfe 18<br>85774 Unterf\u00f6hring<\/p><h3>Dise\u00f1o y desarrollo<\/h3><p><a href=\"https:\/\/koredesign.de\/\" target=\"_blank\" rel=\"noopener\">Koredesign<\/a><\/p><h3>Derechos de imagen \/ cr\u00e9dito de la foto<\/h3><p>auen60fotograf\u00eda<\/p><h3>Renuncia<\/h3><h4>Responsabilidad por el contenido<\/h4><p>Como proveedor de servicios, somos responsables de nuestro propio contenido en estas p\u00e1ginas de acuerdo con el \u00a7 7 p\u00e1rr. 1 TMG de acuerdo con las leyes generales. Sin embargo, de acuerdo con los art\u00edculos 8 a 10 de la TMG, nosotros, como proveedor de servicios, no estamos obligados a controlar la informaci\u00f3n de terceros transmitida o almacenada ni a investigar circunstancias que indiquen una actividad ilegal. Las obligaciones de eliminar o bloquear el uso de la informaci\u00f3n en virtud de las leyes generales no se ven afectadas por esto. Sin embargo, la responsabilidad a este respecto solo es posible desde el momento en que se tiene conocimiento de una infracci\u00f3n espec\u00edfica de la ley. Si tenemos conocimiento de tales violaciones, eliminaremos este contenido de inmediato.     <\/p><h4>Responsabilidad por enlaces<\/h4><p>Nuestra oferta contiene enlaces a sitios web externos de terceros, cuyo contenido no tenemos ninguna influencia. Por lo tanto, no podemos asumir ninguna responsabilidad por este contenido de terceros. El respectivo proveedor u operador de las p\u00e1ginas es siempre responsable del contenido de las p\u00e1ginas enlazadas. Las p\u00e1ginas enlazadas fueron verificadas en busca de posibles violaciones de la ley en el momento de la vinculaci\u00f3n. El contenido ilegal no era reconocible en el momento de la vinculaci\u00f3n. Sin embargo, un control permanente del contenido de las p\u00e1ginas enlazadas no es razonable sin indicios concretos de una violaci\u00f3n de la ley. Si tenemos conocimiento de alguna violaci\u00f3n de la ley, eliminaremos dichos enlaces de inmediato.      <\/p><h4>Derechos de autor<\/h4><p>El contenido y las obras de estas p\u00e1ginas creadas por los operadores del sitio est\u00e1n sujetos a la ley alemana de derechos de autor. La reproducci\u00f3n, edici\u00f3n, distribuci\u00f3n y cualquier tipo de explotaci\u00f3n fuera de los l\u00edmites de la ley de derechos de autor requieren el consentimiento por escrito del respectivo autor o creador. Las descargas y copias de este sitio solo est\u00e1n permitidas para uso privado y no comercial. En la medida en que el contenido de esta p\u00e1gina no haya sido creado por el operador, se respetan los derechos de autor de terceros. En particular, el contenido de terceros est\u00e1 marcado como tal. Si, a pesar de todo, tiene conocimiento de una infracci\u00f3n de derechos de autor, le pedimos que nos lo notifique. Si tenemos conocimiento de alguna infracci\u00f3n, eliminaremos dicho contenido de inmediato.      <\/p>\t\t\t\t\t\t\t\t<\/div>\n\t\t\t\t<\/div>\n\t\t\t\t\t<\/div>\n\t\t<\/div>\n\t\t\t\t\t<\/div>\n\t\t<\/section>\n\t\t\t\t<\/div>\n\t\t","protected":false},"excerpt":{"rendered":"<p>Impresi\u00f3n Informaci\u00f3n seg\u00fan el \u00a7 5 TMG Birgitt H\u00f6lzel y Stefan Ruzas Practica LehelSteinsdorfstra\u00dfe 480538 M\u00fanich (Lehel)Alemania Representada por Birgitt H\u00f6lzel, practicante alternativa, limitada a la psicoterapiaStefan Ruzas Contacto Tel\u00e9fono: +49 (0) 89 44 25 02 19Correo electr\u00f3nico: praxis[at]lieblingundschatz.de Responsable del contenido seg\u00fan el \u00a7 55 Abs. 2 RStV Birgitt H\u00f6lzel, Stefan Ruzas, GBRAhornstra\u00dfe 1885774 [&hellip;]<\/p>\n","protected":false},"author":4,"featured_media":0,"parent":2597,"menu_order":0,"comment_status":"closed","ping_status":"closed","template":"","meta":{"_monsterinsights_skip_tracking":false,"_monsterinsights_sitenote_active":false,"_monsterinsights_sitenote_note":"","_monsterinsights_sitenote_category":0,"site-sidebar-layout":"no-sidebar","site-content-layout":"page-builder","ast-site-content-layout":"default","site-content-style":"default","site-sidebar-style":"default","ast-global-header-display":"","ast-banner-title-visibility":"","ast-main-header-display":"","ast-hfb-above-header-display":"","ast-hfb-below-header-display":"","ast-hfb-mobile-header-display":"","site-post-title":"disabled","ast-breadcrumbs-content":"","ast-featured-img":"disabled","footer-sml-layout":"","ast-disable-related-posts":"","theme-transparent-header-meta":"default","adv-header-id-meta":"","stick-header-meta":"","header-above-stick-meta":"","header-main-stick-meta":"","header-below-stick-meta":"","astra-migrate-meta-layouts":"default","ast-page-background-enabled":"default","ast-page-background-meta":{"desktop":{"background-color":"","background-image":"","background-repeat":"repeat","background-position":"center center","background-size":"auto","background-attachment":"scroll","background-type":"","background-media":"","overlay-type":"","overlay-color":"","overlay-opacity":"","overlay-gradient":""},"tablet":{"background-color":"","background-image":"","background-repeat":"repeat","background-position":"center center","background-size":"auto","background-attachment":"scroll","background-type":"","background-media":"","overlay-type":"","overlay-color":"","overlay-opacity":"","overlay-gradient":""},"mobile":{"background-color":"","background-image":"","background-repeat":"repeat","background-position":"center center","background-size":"auto","background-attachment":"scroll","background-type":"","background-media":"","overlay-type":"","overlay-color":"","overlay-opacity":"","overlay-gradient":""}},"ast-content-background-meta":{"desktop":{"background-color":"var(--ast-global-color-5)","background-image":"","background-repeat":"repeat","background-position":"center center","background-size":"auto","background-attachment":"scroll","background-type":"","background-media":"","overlay-type":"","overlay-color":"","overlay-opacity":"","overlay-gradient":""},"tablet":{"background-color":"var(--ast-global-color-5)","background-image":"","background-repeat":"repeat","background-position":"center center","background-size":"auto","background-attachment":"scroll","background-type":"","background-media":"","overlay-type":"","overlay-color":"","overlay-opacity":"","overlay-gradient":""},"mobile":{"background-color":"var(--ast-global-color-5)","background-image":"","background-repeat":"repeat","background-position":"center center","background-size":"auto","background-attachment":"scroll","background-type":"","background-media":"","overlay-type":"","overlay-color":"","overlay-opacity":"","overlay-gradient":""}},"footnotes":""},"class_list":["post-2689","page","type-page","status-publish","hentry"],"yoast_head":"<!-- This site is optimized with the Yoast SEO plugin v27.3 - https:\/\/yoast.com\/product\/yoast-seo-wordpress\/ -->\n<title>Impresi\u00f3n &#8212; Liebling + Schatz<\/title>\n<meta name=\"description\" content=\"Systemische Paarberatung und Ehetherapie in M\u00fcnchen: Wir, Birgitt H\u00f6lzel und Stefan Ruzas, helfen Ihnen bei Krisen, Konflikten und Pr\u00e4vention - von Paar zu Paar. Tel.: 089-44250219\" \/>\n<meta name=\"robots\" content=\"index, follow, max-snippet:-1, max-image-preview:large, max-video-preview:-1\" \/>\n<link rel=\"canonical\" href=\"https:\/\/lieblingundschatz.de\/es\/contacto\/impresion\/\" \/>\n<meta property=\"og:locale\" content=\"es_ES\" \/>\n<meta property=\"og:type\" content=\"article\" \/>\n<meta property=\"og:title\" content=\"Impresi\u00f3n &#8212; Liebling + Schatz\" \/>\n<meta property=\"og:description\" content=\"Systemische Paarberatung und Ehetherapie in M\u00fcnchen: Wir, Birgitt H\u00f6lzel und Stefan Ruzas, helfen Ihnen bei Krisen, Konflikten und Pr\u00e4vention - von Paar zu Paar. Tel.: 089-44250219\" \/>\n<meta property=\"og:url\" content=\"https:\/\/lieblingundschatz.de\/es\/contacto\/impresion\/\" \/>\n<meta property=\"og:site_name\" content=\"Liebling + Schatz\" \/>\n<meta property=\"article:publisher\" content=\"https:\/\/www.facebook.com\/lieblingundschatz\/\" \/>\n<meta property=\"article:modified_time\" content=\"2025-09-30T07:37:07+00:00\" \/>\n<meta name=\"twitter:card\" content=\"summary_large_image\" \/>\n<meta name=\"twitter:site\" content=\"@schatz_liebling\" \/>\n<meta name=\"twitter:label1\" content=\"Tiempo de lectura\" \/>\n\t<meta name=\"twitter:data1\" content=\"2 minutos\" \/>\n<script type=\"application\/ld+json\" class=\"yoast-schema-graph\">{\"@context\":\"https:\\\/\\\/schema.org\",\"@graph\":[{\"@type\":\"WebPage\",\"@id\":\"https:\\\/\\\/lieblingundschatz.de\\\/es\\\/contacto\\\/impresion\\\/\",\"url\":\"https:\\\/\\\/lieblingundschatz.de\\\/es\\\/contacto\\\/impresion\\\/\",\"name\":\"Impresi\u00f3n &#8212; Liebling + Schatz\",\"isPartOf\":{\"@id\":\"https:\\\/\\\/lieblingundschatz.de\\\/es\\\/#website\"},\"datePublished\":\"2020-06-10T08:46:59+00:00\",\"dateModified\":\"2025-09-30T07:37:07+00:00\",\"description\":\"Systemische Paarberatung und Ehetherapie in M\u00fcnchen: Wir, Birgitt H\u00f6lzel und Stefan Ruzas, helfen Ihnen bei Krisen, Konflikten und Pr\u00e4vention - von Paar zu Paar. Tel.: 089-44250219\",\"breadcrumb\":{\"@id\":\"https:\\\/\\\/lieblingundschatz.de\\\/es\\\/contacto\\\/impresion\\\/#breadcrumb\"},\"inLanguage\":\"es\",\"potentialAction\":[{\"@type\":\"ReadAction\",\"target\":[\"https:\\\/\\\/lieblingundschatz.de\\\/es\\\/contacto\\\/impresion\\\/\"]}]},{\"@type\":\"BreadcrumbList\",\"@id\":\"https:\\\/\\\/lieblingundschatz.de\\\/es\\\/contacto\\\/impresion\\\/#breadcrumb\",\"itemListElement\":[{\"@type\":\"ListItem\",\"position\":1,\"name\":\"Home\",\"item\":\"https:\\\/\\\/lieblingundschatz.de\\\/es\\\/?page_id=2647\"},{\"@type\":\"ListItem\",\"position\":2,\"name\":\"Contacto\",\"item\":\"https:\\\/\\\/lieblingundschatz.de\\\/es\\\/contacto\\\/\"},{\"@type\":\"ListItem\",\"position\":3,\"name\":\"Impresi\u00f3n\"}]},{\"@type\":\"WebSite\",\"@id\":\"https:\\\/\\\/lieblingundschatz.de\\\/es\\\/#website\",\"url\":\"https:\\\/\\\/lieblingundschatz.de\\\/es\\\/\",\"name\":\"Liebling + Schatz\",\"description\":\"Paarpflege | Eheberatung | Intensivsitzung\",\"publisher\":{\"@id\":\"https:\\\/\\\/lieblingundschatz.de\\\/es\\\/#organization\"},\"potentialAction\":[{\"@type\":\"SearchAction\",\"target\":{\"@type\":\"EntryPoint\",\"urlTemplate\":\"https:\\\/\\\/lieblingundschatz.de\\\/es\\\/?s={search_term_string}\"},\"query-input\":{\"@type\":\"PropertyValueSpecification\",\"valueRequired\":true,\"valueName\":\"search_term_string\"}}],\"inLanguage\":\"es\"},{\"@type\":\"Organization\",\"@id\":\"https:\\\/\\\/lieblingundschatz.de\\\/es\\\/#organization\",\"name\":\"Liebling + Schatz\",\"url\":\"https:\\\/\\\/lieblingundschatz.de\\\/es\\\/\",\"logo\":{\"@type\":\"ImageObject\",\"inLanguage\":\"es\",\"@id\":\"https:\\\/\\\/lieblingundschatz.de\\\/es\\\/#\\\/schema\\\/logo\\\/image\\\/\",\"url\":\"https:\\\/\\\/lieblingundschatz.de\\\/wp-content\\\/uploads\\\/2020\\\/06\\\/liebling-und-schatz-aufmacher_small-dirty.png\",\"contentUrl\":\"https:\\\/\\\/lieblingundschatz.de\\\/wp-content\\\/uploads\\\/2020\\\/06\\\/liebling-und-schatz-aufmacher_small-dirty.png\",\"width\":518,\"height\":520,\"caption\":\"Liebling + Schatz\"},\"image\":{\"@id\":\"https:\\\/\\\/lieblingundschatz.de\\\/es\\\/#\\\/schema\\\/logo\\\/image\\\/\"},\"sameAs\":[\"https:\\\/\\\/www.facebook.com\\\/lieblingundschatz\\\/\",\"https:\\\/\\\/x.com\\\/schatz_liebling\",\"https:\\\/\\\/www.instagram.com\\\/lieblingundschatz\\\/\"]}]}<\/script>\n<!-- \/ Yoast SEO plugin. -->","yoast_head_json":{"title":"Impresi\u00f3n &#8212; Liebling + Schatz","description":"Systemische Paarberatung und Ehetherapie in M\u00fcnchen: Wir, Birgitt H\u00f6lzel und Stefan Ruzas, helfen Ihnen bei Krisen, Konflikten und Pr\u00e4vention - von Paar zu Paar. Tel.: 089-44250219","robots":{"index":"index","follow":"follow","max-snippet":"max-snippet:-1","max-image-preview":"max-image-preview:large","max-video-preview":"max-video-preview:-1"},"canonical":"https:\/\/lieblingundschatz.de\/es\/contacto\/impresion\/","og_locale":"es_ES","og_type":"article","og_title":"Impresi\u00f3n &#8212; Liebling + Schatz","og_description":"Systemische Paarberatung und Ehetherapie in M\u00fcnchen: Wir, Birgitt H\u00f6lzel und Stefan Ruzas, helfen Ihnen bei Krisen, Konflikten und Pr\u00e4vention - von Paar zu Paar. Tel.: 089-44250219","og_url":"https:\/\/lieblingundschatz.de\/es\/contacto\/impresion\/","og_site_name":"Liebling + Schatz","article_publisher":"https:\/\/www.facebook.com\/lieblingundschatz\/","article_modified_time":"2025-09-30T07:37:07+00:00","twitter_card":"summary_large_image","twitter_site":"@schatz_liebling","twitter_misc":{"Tiempo de lectura":"2 minutos"},"schema":{"@context":"https:\/\/schema.org","@graph":[{"@type":"WebPage","@id":"https:\/\/lieblingundschatz.de\/es\/contacto\/impresion\/","url":"https:\/\/lieblingundschatz.de\/es\/contacto\/impresion\/","name":"Impresi\u00f3n &#8212; Liebling + Schatz","isPartOf":{"@id":"https:\/\/lieblingundschatz.de\/es\/#website"},"datePublished":"2020-06-10T08:46:59+00:00","dateModified":"2025-09-30T07:37:07+00:00","description":"Systemische Paarberatung und Ehetherapie in M\u00fcnchen: Wir, Birgitt H\u00f6lzel und Stefan Ruzas, helfen Ihnen bei Krisen, Konflikten und Pr\u00e4vention - von Paar zu Paar. Tel.: 089-44250219","breadcrumb":{"@id":"https:\/\/lieblingundschatz.de\/es\/contacto\/impresion\/#breadcrumb"},"inLanguage":"es","potentialAction":[{"@type":"ReadAction","target":["https:\/\/lieblingundschatz.de\/es\/contacto\/impresion\/"]}]},{"@type":"BreadcrumbList","@id":"https:\/\/lieblingundschatz.de\/es\/contacto\/impresion\/#breadcrumb","itemListElement":[{"@type":"ListItem","position":1,"name":"Home","item":"https:\/\/lieblingundschatz.de\/es\/?page_id=2647"},{"@type":"ListItem","position":2,"name":"Contacto","item":"https:\/\/lieblingundschatz.de\/es\/contacto\/"},{"@type":"ListItem","position":3,"name":"Impresi\u00f3n"}]},{"@type":"WebSite","@id":"https:\/\/lieblingundschatz.de\/es\/#website","url":"https:\/\/lieblingundschatz.de\/es\/","name":"Liebling + Schatz","description":"Paarpflege | Eheberatung | Intensivsitzung","publisher":{"@id":"https:\/\/lieblingundschatz.de\/es\/#organization"},"potentialAction":[{"@type":"SearchAction","target":{"@type":"EntryPoint","urlTemplate":"https:\/\/lieblingundschatz.de\/es\/?s={search_term_string}"},"query-input":{"@type":"PropertyValueSpecification","valueRequired":true,"valueName":"search_term_string"}}],"inLanguage":"es"},{"@type":"Organization","@id":"https:\/\/lieblingundschatz.de\/es\/#organization","name":"Liebling + Schatz","url":"https:\/\/lieblingundschatz.de\/es\/","logo":{"@type":"ImageObject","inLanguage":"es","@id":"https:\/\/lieblingundschatz.de\/es\/#\/schema\/logo\/image\/","url":"https:\/\/lieblingundschatz.de\/wp-content\/uploads\/2020\/06\/liebling-und-schatz-aufmacher_small-dirty.png","contentUrl":"https:\/\/lieblingundschatz.de\/wp-content\/uploads\/2020\/06\/liebling-und-schatz-aufmacher_small-dirty.png","width":518,"height":520,"caption":"Liebling + Schatz"},"image":{"@id":"https:\/\/lieblingundschatz.de\/es\/#\/schema\/logo\/image\/"},"sameAs":["https:\/\/www.facebook.com\/lieblingundschatz\/","https:\/\/x.com\/schatz_liebling","https:\/\/www.instagram.com\/lieblingundschatz\/"]}]}},"_links":{"self":[{"href":"https:\/\/lieblingundschatz.de\/es\/wp-json\/wp\/v2\/pages\/2689","targetHints":{"allow":["GET"]}}],"collection":[{"href":"https:\/\/lieblingundschatz.de\/es\/wp-json\/wp\/v2\/pages"}],"about":[{"href":"https:\/\/lieblingundschatz.de\/es\/wp-json\/wp\/v2\/types\/page"}],"author":[{"embeddable":true,"href":"https:\/\/lieblingundschatz.de\/es\/wp-json\/wp\/v2\/users\/4"}],"replies":[{"embeddable":true,"href":"https:\/\/lieblingundschatz.de\/es\/wp-json\/wp\/v2\/comments?post=2689"}],"version-history":[{"count":2,"href":"https:\/\/lieblingundschatz.de\/es\/wp-json\/wp\/v2\/pages\/2689\/revisions"}],"predecessor-version":[{"id":2693,"href":"https:\/\/lieblingundschatz.de\/es\/wp-json\/wp\/v2\/pages\/2689\/revisions\/2693"}],"up":[{"embeddable":true,"href":"https:\/\/lieblingundschatz.de\/es\/wp-json\/wp\/v2\/pages\/2597"}],"wp:attachment":[{"href":"https:\/\/lieblingundschatz.de\/es\/wp-json\/wp\/v2\/media?parent=2689"}],"curies":[{"name":"wp","href":"https:\/\/api.w.org\/{rel}","templated":true}]}}